
{"id":12253,"date":"2025-10-15T03:55:19","date_gmt":"2025-10-15T03:55:19","guid":{"rendered":"https:\/\/tunisia3dprint.com\/?page_id=12253"},"modified":"2025-10-15T05:41:04","modified_gmt":"2025-10-15T05:41:04","slug":"printing-basics","status":"publish","type":"page","link":"https:\/\/tunisia3dprint.com\/fr\/printing-basics\/","title":{"rendered":"printing basics"},"content":{"rendered":"<div data-elementor-type=\"wp-page\" data-elementor-id=\"12253\" class=\"elementor elementor-12253\" data-elementor-post-type=\"page\">\n\t\t\t\t<div class=\"elementor-element elementor-element-b1b86ab e-con-full e-flex e-con e-parent\" data-id=\"b1b86ab\" data-element_type=\"container\" data-e-type=\"container\">\n\t\t\t\t<div class=\"elementor-element elementor-element-7a627c0 elementor-widget elementor-widget-heading\" data-id=\"7a627c0\" data-element_type=\"widget\" data-e-type=\"widget\" data-widget_type=\"heading.default\">\n\t\t\t\t\t<h2 class=\"elementor-heading-title elementor-size-default\">Bases de l\u2019impression 3D<\/h2>\t\t\t\t<\/div>\n\t\t\t\t<div class=\"elementor-element elementor-element-27a16bd color-scheme-inherit text-left elementor-widget elementor-widget-text-editor\" data-id=\"27a16bd\" data-element_type=\"widget\" data-e-type=\"widget\" data-widget_type=\"text-editor.default\">\n\t\t\t\t\t\t\t\t\t<p>L'impression 3D s'appuie objets couche par couche \u00e0 partir d'un fichier num\u00e9rique. Il est utilis\u00e9 pour la conception de prototypes, de pi\u00e8ces personnalis\u00e9es et \u00e0 des \u00e9l\u00e9ments non r\u00e9currents. Ci-dessous sont les principales technologies expliqu\u00e9 simplement.<\/p>\t\t\t\t\t\t\t\t<\/div>\n\t\t\t\t<\/div>\n\t\t<div class=\"elementor-element elementor-element-5ebda80 e-con-full e-flex e-con e-parent\" data-id=\"5ebda80\" data-element_type=\"container\" data-e-type=\"container\">\n\t\t\t\t<div class=\"elementor-element elementor-element-9945ff6 elementor-widget elementor-widget-heading\" data-id=\"9945ff6\" data-element_type=\"widget\" data-e-type=\"widget\" data-widget_type=\"heading.default\">\n\t\t\t\t\t<h2 class=\"elementor-heading-title elementor-size-default\">Qu'est-ce que le Prototypage?<\/h2>\t\t\t\t<\/div>\n\t\t\t\t<div class=\"elementor-element elementor-element-d81663c elementor-widget elementor-widget-image\" data-id=\"d81663c\" data-element_type=\"widget\" data-e-type=\"widget\" data-widget_type=\"image.default\">\n\t\t\t\t\t\t\t\t\t\t\t\t\t\t\t<img fetchpriority=\"high\" decoding=\"async\" width=\"1024\" height=\"512\" src=\"https:\/\/tunisia3dprint.com\/wp-content\/uploads\/2025\/10\/fdm-vs-sla-comparison-4GUOyWZ-1024x512.jpg\" class=\"attachment-large size-large wp-image-12273\" alt=\"\" srcset=\"https:\/\/tunisia3dprint.com\/wp-content\/uploads\/2025\/10\/fdm-vs-sla-comparison-4GUOyWZ-1024x512.jpg 1024w, https:\/\/tunisia3dprint.com\/wp-content\/uploads\/2025\/10\/fdm-vs-sla-comparison-4GUOyWZ-300x150.jpg 300w, https:\/\/tunisia3dprint.com\/wp-content\/uploads\/2025\/10\/fdm-vs-sla-comparison-4GUOyWZ-768x384.jpg 768w, https:\/\/tunisia3dprint.com\/wp-content\/uploads\/2025\/10\/fdm-vs-sla-comparison-4GUOyWZ-148x74.jpg 148w, https:\/\/tunisia3dprint.com\/wp-content\/uploads\/2025\/10\/fdm-vs-sla-comparison-4GUOyWZ.jpg 1200w\" sizes=\"(max-width: 1024px) 100vw, 1024px\" \/>\t\t\t\t\t\t\t\t\t\t\t\t\t\t\t<\/div>\n\t\t\t\t<\/div>\n\t\t<div class=\"elementor-element elementor-element-0332ccd e-con-full e-flex e-con e-parent\" data-id=\"0332ccd\" data-element_type=\"container\" data-e-type=\"container\">\n\t\t<div class=\"elementor-element elementor-element-d1f58df e-con-full e-flex e-con e-child\" data-id=\"d1f58df\" data-element_type=\"container\" data-e-type=\"container\">\n\t\t\t\t<div class=\"elementor-element elementor-element-b213b57 elementor-widget elementor-widget-html\" data-id=\"b213b57\" data-element_type=\"widget\" data-e-type=\"widget\" data-widget_type=\"html.default\">\n\t\t\t\t\t<div class=\"fdm-info-card\">\r\n    <div class=\"fdm-icon-wrap\">\r\n        <i class=\"fas fa-cube\"><\/i>\r\n    <\/div>\r\n    \r\n    <h3 class=\"fdm-title\">FDM (Fused Deposition Modeling)<\/h3>\r\n    <p class=\"fdm-tagline\">\r\n        Abordable et solide \u2014 id\u00e9al pour les pi\u00e8ces fonctionnelles et rapide de prototypes\r\n    <\/p>\r\n    \r\n    <p class=\"fdm-description\">\r\n        Les imprimantes de FDM faire fondre le filament plastique et construire des pi\u00e8ces, couche par couche. C'est le plus commun et le co\u00fbt-efficacit\u00e9 de l'impression 3D de la m\u00e9thode.\r\n    <\/p>\r\n\r\n    <p class=\"best-for-heading\"><strong>Le mieux pour:<\/strong><\/p>\r\n    <ul class=\"fdm-advantages\">\r\n        <li>Prototypes fonctionnels qui ont besoin d'\u00eatre forte<\/li>\r\n        <li>De grandes pi\u00e8ces et des assemblages<\/li>\r\n        <li>Les pi\u00e8ces qui seront trait\u00e9s ou mis \u00e0 l'essai<\/li>\r\n        <li>Co\u00fbt-efficacit\u00e9 de la production<\/li>\r\n    <\/ul>\r\n    \r\n    <a href=\"https:\/\/tunisia3dprint.com\/fr\/fdm-printing\/\" class=\"fdm-learn-button\">\r\n        En savoir Plus Sur FDM \r\n        <i class=\"fas fa-arrow-right\"><\/i>\r\n    <\/a>\r\n<\/div>\t\t\t\t<\/div>\n\t\t\t\t<\/div>\n\t\t<div class=\"elementor-element elementor-element-c638119 e-con-full e-flex e-con e-child\" data-id=\"c638119\" data-element_type=\"container\" data-e-type=\"container\">\n\t\t\t\t<div class=\"elementor-element elementor-element-48269ce elementor-widget elementor-widget-html\" data-id=\"48269ce\" data-element_type=\"widget\" data-e-type=\"widget\" data-widget_type=\"html.default\">\n\t\t\t\t\t<link rel=\"stylesheet\" href=\"https:\/\/cdnjs.cloudflare.com\/ajax\/libs\/font-awesome\/6.5.0\/css\/all.min.css\">\r\n\r\n<div class=\"fdm-info-card\">\r\n    <div class=\"fdm-icon-wrap\">\r\n        <i class=\"fa-solid fa-bolt\"><\/i>\r\n    <\/div>\r\n    \r\n    <h3 class=\"fdm-title\">SLA (St\u00e9r\u00e9olithographie)<\/h3>\r\n    <p class=\"fdm-tagline\">\r\n        Tr\u00e8s d\u00e9taill\u00e9 et lisse \u2014 meilleur pour les mod\u00e8les visuels et de haute fid\u00e9lit\u00e9 des prototypes\r\n    <\/p>\r\n    \r\n    <p class=\"fdm-description\">\r\n        SLA imprimantes utilisent la lumi\u00e8re pour gu\u00e9rir de la r\u00e9sine liquide en plastique solide. Cela cr\u00e9e tr\u00e8s lisse, d\u00e9taill\u00e9s des pi\u00e8ces avec de beaux traits.\r\n    <\/p>\r\n\r\n    <p class=\"best-for-heading\"><strong>Le mieux pour:<\/strong><\/p>\r\n    <ul class=\"fdm-advantages\">\r\n        <li>Haute-d\u00e9tail des mod\u00e8les visuels<\/li>\r\n        <li>De petites pi\u00e8ces avec de beaux traits<\/li>\r\n        <li>Surface lisse exigences de finition<\/li>\r\n        <li>Des bijoux, des figurines, et des pi\u00e8ces de pr\u00e9cision<\/li>\r\n    <\/ul>\r\n    \r\n    <a href=\"https:\/\/tunisia3dprint.com\/fr\/sla-printing\/\" class=\"fdm-learn-button\">\r\n        En savoir Plus Sur la SLA \r\n        <i class=\"fas fa-arrow-right\"><\/i>\r\n    <\/a>\r\n<\/div>\t\t\t\t<\/div>\n\t\t\t\t<\/div>\n\t\t\t\t<\/div>\n\t\t<div class=\"elementor-element elementor-element-8aac5da e-con-full e-flex e-con e-parent\" data-id=\"8aac5da\" data-element_type=\"container\" data-e-type=\"container\">\n\t\t\t\t<div class=\"elementor-element elementor-element-58b2a6b elementor-widget elementor-widget-heading\" data-id=\"58b2a6b\" data-element_type=\"widget\" data-e-type=\"widget\" data-widget_type=\"heading.default\">\n\t\t\t\t\t<h2 class=\"elementor-heading-title elementor-size-default\">Au-del\u00e0 de l'Impression 3D<\/h2>\t\t\t\t<\/div>\n\t\t\t\t<div class=\"elementor-element elementor-element-283b19f color-scheme-inherit text-left elementor-widget elementor-widget-text-editor\" data-id=\"283b19f\" data-element_type=\"widget\" data-e-type=\"widget\" data-widget_type=\"text-editor.default\">\n\t\t\t\t\t\t\t\t\t<p><strong>L'ing\u00e9nierie inverse<\/strong>\u00a0transforme une partie physique dans un mod\u00e8le CAO;\u00a0<strong>prototypage<\/strong>\u00a0vous permet de tester des id\u00e9es avant de pleine production.<\/p>\t\t\t\t\t\t\t\t<\/div>\n\t\t\t\t<\/div>\n\t\t<div class=\"elementor-element elementor-element-8647efe e-con-full e-flex e-con e-parent\" data-id=\"8647efe\" data-element_type=\"container\" data-e-type=\"container\">\n\t\t<a class=\"elementor-element elementor-element-9b3f7e6 e-con-full e-flex e-con e-child\" data-id=\"9b3f7e6\" data-element_type=\"container\" data-e-type=\"container\" href=\"https:\/\/tunisia3dprint.com\/fr\/reverse-engineering\/\">\n\t\t\t\t<div class=\"elementor-element elementor-element-07f8e8e color-scheme-inherit text-left elementor-widget elementor-widget-text-editor\" data-id=\"07f8e8e\" data-element_type=\"widget\" data-e-type=\"widget\" data-widget_type=\"text-editor.default\">\n\t\t\t\t\t\t\t\t\t<strong><span class=\"font-semibold\">R\u00e9tro-ing\u00e9nierie <\/span><\/strong><span class=\"text-sm text-muted-foreground\"> <br>Convertir les parties physiques de fichiers CAO<\/span>\t\t\t\t\t\t\t\t<\/div>\n\t\t\t\t<\/a>\n\t\t<a class=\"elementor-element elementor-element-cadecc3 e-con-full e-flex e-con e-child\" data-id=\"cadecc3\" data-element_type=\"container\" data-e-type=\"container\" href=\"https:\/\/tunisia3dprint.com\/fr\/prototyping\/\">\n\t\t\t\t<div class=\"elementor-element elementor-element-4c788d3 color-scheme-inherit text-left elementor-widget elementor-widget-text-editor\" data-id=\"4c788d3\" data-element_type=\"widget\" data-e-type=\"widget\" data-widget_type=\"text-editor.default\">\n\t\t\t\t\t\t\t\t\t<strong><span class=\"font-semibold\">R\u00e9tro-ing\u00e9nierie <\/span><\/strong><span class=\"text-sm text-muted-foreground\"> <br>Convertir les parties physiques de fichiers CAO<\/span>\t\t\t\t\t\t\t\t<\/div>\n\t\t\t\t<\/a>\n\t\t\t\t<\/div>\n\t\t<div class=\"elementor-element elementor-element-997baca e-con-full elementor-hidden-tablet elementor-hidden-mobile e-flex e-con e-parent\" data-id=\"997baca\" data-element_type=\"container\" data-e-type=\"container\">\n\t\t\t\t<div class=\"elementor-element elementor-element-5b250ff elementor-widget elementor-widget-image\" data-id=\"5b250ff\" data-element_type=\"widget\" data-e-type=\"widget\" data-widget_type=\"image.default\">\n\t\t\t\t\t\t\t\t\t\t\t\t\t\t\t<img decoding=\"async\" width=\"1354\" height=\"371\" src=\"https:\/\/tunisia3dprint.com\/wp-content\/uploads\/2025\/10\/Screenshot_106.png\" class=\"attachment-full size-full wp-image-12279\" alt=\"\" srcset=\"https:\/\/tunisia3dprint.com\/wp-content\/uploads\/2025\/10\/Screenshot_106.png 1354w, https:\/\/tunisia3dprint.com\/wp-content\/uploads\/2025\/10\/Screenshot_106-300x82.png 300w, https:\/\/tunisia3dprint.com\/wp-content\/uploads\/2025\/10\/Screenshot_106-1024x281.png 1024w, https:\/\/tunisia3dprint.com\/wp-content\/uploads\/2025\/10\/Screenshot_106-768x210.png 768w, https:\/\/tunisia3dprint.com\/wp-content\/uploads\/2025\/10\/Screenshot_106-1200x329.png 1200w, https:\/\/tunisia3dprint.com\/wp-content\/uploads\/2025\/10\/Screenshot_106-148x41.png 148w\" sizes=\"(max-width: 1354px) 100vw, 1354px\" \/>\t\t\t\t\t\t\t\t\t\t\t\t\t\t\t<\/div>\n\t\t\t\t<\/div>\n\t\t<div class=\"elementor-element elementor-element-5c27138 e-con-full elementor-hidden-desktop e-flex e-con e-parent\" data-id=\"5c27138\" data-element_type=\"container\" data-e-type=\"container\">\n\t\t\t\t<div class=\"elementor-element elementor-element-681c72e elementor-widget elementor-widget-image\" data-id=\"681c72e\" data-element_type=\"widget\" data-e-type=\"widget\" data-widget_type=\"image.default\">\n\t\t\t\t\t\t\t\t\t\t\t\t\t\t\t<img decoding=\"async\" width=\"720\" height=\"1164\" src=\"https:\/\/tunisia3dprint.com\/wp-content\/uploads\/2025\/10\/IMG_20251015_112928.jpg\" class=\"attachment-full size-full wp-image-12280\" alt=\"\" srcset=\"https:\/\/tunisia3dprint.com\/wp-content\/uploads\/2025\/10\/IMG_20251015_112928.jpg 720w, https:\/\/tunisia3dprint.com\/wp-content\/uploads\/2025\/10\/IMG_20251015_112928-186x300.jpg 186w, https:\/\/tunisia3dprint.com\/wp-content\/uploads\/2025\/10\/IMG_20251015_112928-633x1024.jpg 633w, https:\/\/tunisia3dprint.com\/wp-content\/uploads\/2025\/10\/IMG_20251015_112928-148x239.jpg 148w\" sizes=\"(max-width: 720px) 100vw, 720px\" \/>\t\t\t\t\t\t\t\t\t\t\t\t\t\t\t<\/div>\n\t\t\t\t<\/div>\n\t\t<div class=\"elementor-element elementor-element-8cd94d8 e-con-full e-flex e-con e-parent\" data-id=\"8cd94d8\" data-element_type=\"container\" data-e-type=\"container\">\n\t\t\t\t<div class=\"elementor-element elementor-element-53ccc78 elementor-widget elementor-widget-html\" data-id=\"53ccc78\" data-element_type=\"widget\" data-e-type=\"widget\" data-widget_type=\"html.default\">\n\t\t\t\t\t<div class=\"cta-help-section\">\r\n    <h2 class=\"cta-heading\">Besoin d\u2019aide imm\u00e9diatement\u202f?<\/h2>\r\n    <p class=\"cta-subtext\">\r\n        Vous ne savez pas par o\u00f9 commencer\u202f?T\u00e9l\u00e9versez votre fichier et nous vous guiderons tout au long du processus\r\n    <\/p>\r\n    \r\n    <div class=\"cta-buttons-wrap\">\r\n        <a href=\"https:\/\/tunisia3dprint.com\/fr\/upload-get-quote\/\" class=\"primary-cta-button\">\r\n            <i class=\"fas fa-upload\"><\/i> Importer votre fichier STL (Devis imm\u00e9diat)\r\n        <\/a>\r\n        \r\n        <a href=\"https:\/\/tunisia3dprint.com\/fr\/gallery\/\" class=\"secondary-cta-button\">\r\n            <i class=\"fas fa-file-alt\"><\/i> Ouvrir la galerie de projets\r\n        <\/a>\r\n    <\/div>\r\n<\/div>\t\t\t\t<\/div>\n\t\t\t\t<\/div>\n\t\t\t\t<\/div>","protected":false},"excerpt":{"rendered":"<p>3D Printing Basics 3D printing builds objects layer by layer from a digital file. It&#8217;s used for prototypes, custom parts,<\/p>","protected":false},"author":4,"featured_media":0,"parent":0,"menu_order":0,"comment_status":"closed","ping_status":"closed","template":"","meta":{"_acf_changed":false,"footnotes":""},"class_list":["post-12253","page","type-page","status-publish","hentry"],"acf":[],"_links":{"self":[{"href":"https:\/\/tunisia3dprint.com\/fr\/wp-json\/wp\/v2\/pages\/12253","targetHints":{"allow":["GET"]}}],"collection":[{"href":"https:\/\/tunisia3dprint.com\/fr\/wp-json\/wp\/v2\/pages"}],"about":[{"href":"https:\/\/tunisia3dprint.com\/fr\/wp-json\/wp\/v2\/types\/page"}],"author":[{"embeddable":true,"href":"https:\/\/tunisia3dprint.com\/fr\/wp-json\/wp\/v2\/users\/4"}],"replies":[{"embeddable":true,"href":"https:\/\/tunisia3dprint.com\/fr\/wp-json\/wp\/v2\/comments?post=12253"}],"version-history":[{"count":10,"href":"https:\/\/tunisia3dprint.com\/fr\/wp-json\/wp\/v2\/pages\/12253\/revisions"}],"predecessor-version":[{"id":12286,"href":"https:\/\/tunisia3dprint.com\/fr\/wp-json\/wp\/v2\/pages\/12253\/revisions\/12286"}],"wp:attachment":[{"href":"https:\/\/tunisia3dprint.com\/fr\/wp-json\/wp\/v2\/media?parent=12253"}],"curies":[{"name":"wp","href":"https:\/\/api.w.org\/{rel}","templated":true}]}}