
{"id":12307,"date":"2025-10-15T06:12:11","date_gmt":"2025-10-15T06:12:11","guid":{"rendered":"https:\/\/tunisia3dprint.com\/?page_id=12307"},"modified":"2025-10-15T06:19:40","modified_gmt":"2025-10-15T06:19:40","slug":"get-started-now","status":"publish","type":"page","link":"https:\/\/tunisia3dprint.com\/fr\/get-started-now\/","title":{"rendered":"Commencez maintenant"},"content":{"rendered":"<div data-elementor-type=\"wp-page\" data-elementor-id=\"12307\" class=\"elementor elementor-12307\" data-elementor-post-type=\"page\">\n\t\t\t\t<div class=\"elementor-element elementor-element-94195cd e-con-full e-flex e-con e-parent\" data-id=\"94195cd\" data-element_type=\"container\" data-e-type=\"container\">\n\t\t\t\t<div class=\"elementor-element elementor-element-94b9b2d elementor-widget elementor-widget-html\" data-id=\"94b9b2d\" data-element_type=\"widget\" data-e-type=\"widget\" data-widget_type=\"html.default\">\n\t\t\t\t\t<div class=\"getting-started-page\">\r\n\r\n    <div class=\"workflow-header-section\">\r\n        <h1 class=\"gs-main-title\">Commencez avec nous<\/h1>\r\n        <p class=\"gs-subtitle\">Travailler avec nous est facile. Choisissez l'itin\u00e9raire rapide pour les pi\u00e8ces uniques ou les avanc\u00e9es de la route pour la partie multi-projets.<\/p>\r\n        \r\n        <div class=\"workflow-image-wrap\">\r\n            <img decoding=\"async\" src=\"https:\/\/tunisia3dprint.com\/wp-content\/uploads\/2025\/10\/workflow-steps-D1oPYfG1.jpg\" alt=\"Our streamlined process from upload to delivery\" class=\"workflow-image\">\r\n        <\/div>\r\n        <p class=\"image-caption\">Notre processus simplifi\u00e9, de la t\u00e9l\u00e9charger \u00e0 la livraison<\/p>\r\n    <\/div>\r\n\r\n    <div class=\"workflow-choice-section\">\r\n        <h2 class=\"gs-section-heading\">Choisissez Votre Flux De Travail<\/h2>\r\n        <div class=\"workflow-cards-grid\">\r\n            \r\n            <div class=\"workflow-card\">\r\n                <div class=\"workflow-icon-wrap\"><i class=\"fas fa-file-upload\"><\/i><\/div>\r\n                <h3 class=\"workflow-card-title\">STL Direct de T\u00e9l\u00e9chargement<\/h3>\r\n                <p class=\"workflow-card-desc\">Rapide citant &amp; devis instantan\u00e9. T\u00e9l\u00e9charger un seul fichier STL pour obtenir imm\u00e9diatement un prix pour cette partie. Meilleur pour de simples pi\u00e8ces exclusives et rapide des commandes.<\/p>\r\n                <p class=\"perfect-for-heading\"><strong>Parfait pour:<\/strong><\/p>\r\n                <ul class=\"workflow-list\">\r\n                    <li>Unique, one-off des pi\u00e8ces ou des projets<\/li>\r\n                    <li>Traitement rapide des commandes<\/li>\r\n                    <li>Simple g\u00e9om\u00e9trie,<\/li>\r\n                    <li>Simple ordres<\/li>\r\n                <\/ul>\r\n                <a href=\"https:\/\/tunisia3dprint.com\/fr\/upload-get-quote\/\" class=\"primary-gs-button\">\r\n                    <i class=\"fas fa-upload\"><\/i> Importer votre fichier STL (Devis imm\u00e9diat)\r\n                <\/a>\r\n            <\/div>\r\n\r\n            <div class=\"workflow-card\">\r\n                <div class=\"workflow-icon-wrap\"><i class=\"fas fa-project-diagram\"><\/i><\/div>\r\n                <h3 class=\"workflow-card-title\">Projet De La Galerie<\/h3>\r\n                <p class=\"workflow-card-desc\">Avanc\u00e9s de gestion de projet. Pour des projets complexes qui comprennent de nombreuses pi\u00e8ces et des assemblages, utilisez notre Galerie de Projets \u00e0 partager en toute s\u00e9curit\u00e9 des fichiers, d\u00e9finir les tol\u00e9rances, g\u00e9rer les fichiers, suivez les commentaires, et inviter des collaborateurs.<\/p>\r\n                <p class=\"perfect-for-heading\"><strong>Parfait pour:<\/strong><\/p>\r\n                <ul class=\"workflow-list\">\r\n                    <li>Plusieurs pi\u00e8ces et assemblages<\/li>\r\n                    <li>Tol\u00e9rance sp\u00e9cifique requis<\/li>\r\n                    <li>La collaboration de l'\u00e9quipe<\/li>\r\n                    <li>Gestion de Version<\/li>\r\n                <\/ul>\r\n                <a href=\"https:\/\/tunisia3dprint.com\/fr\/gallery\/\" class=\"secondary-gs-button\">\r\n                    <i class=\"fas fa-file-alt\"><\/i> Ouvrir la galerie de projets\r\n                <\/a>\r\n            <\/div>\r\n\r\n        <\/div>\r\n    <\/div>\r\n    \r\n    <div class=\"next-steps-section\">\r\n        <h2 class=\"gs-section-heading\">Ce Qui Se Passe Ensuite?<\/h2>\r\n        <div class=\"next-steps-grid\">\r\n            \r\n            <div class=\"step-item\">\r\n                <div class=\"step-icon-circle\"><i class=\"fas fa-upload\"><\/i><\/div>\r\n                <h3 class=\"step-title\">1. T\u00e9l\u00e9charger Le Fichier<\/h3>\r\n                <p class=\"step-desc\">T\u00e9l\u00e9charger votre fichier STL\/fichier OBJ - obtenez des devis instantan\u00e9 OU de cr\u00e9er un projet de la galerie.<\/p>\r\n            <\/div>\r\n            \r\n            <div class=\"step-item\">\r\n                <div class=\"step-icon-circle\"><i class=\"fas fa-search-plus\"><\/i><\/div>\r\n                <h3 class=\"step-title\">2. L'Examen Et La Confirmation Des<\/h3>\r\n                <p class=\"step-desc\">Nous passons en revue et de confirmer la faisabilit\u00e9, de sugg\u00e9rer des am\u00e9liorations si n\u00e9cessaire.<\/p>\r\n            <\/div>\r\n            \r\n            <div class=\"step-item\">\r\n                <div class=\"step-icon-circle\"><i class=\"fas fa-clock\"><\/i><\/div>\r\n                <h3 class=\"step-title\">3. Production Et Livraison<\/h3>\r\n                <p class=\"step-desc\">La Production de tests de qualit\u00e9, et la livraison \u00e0 votre porte.<\/p>\r\n            <\/div>\r\n\r\n        <\/div>\r\n    <\/div>\r\n\r\n    <div class=\"help-section\">\r\n        <h2 class=\"gs-section-heading\">Nous sommes L\u00e0 pour vous Aider<\/h2>\r\n        <p class=\"help-subtext\">Ne vous inqui\u00e9tez pas si vous ne savez pas \u00e0 propos de quoi que ce soit - nous vous guider \u00e0 travers le processus.<\/p>\r\n        \r\n        <div class=\"help-columns-grid\">\r\n            \r\n            <div class=\"help-column\">\r\n                <h3 class=\"help-column-title\"><i class=\"fas fa-tools\"><\/i> Pr\u00e9paration Des Fichiers D'Aide<\/h3>\r\n                <p class=\"help-column-desc\">Vous ne savez pas si votre fichier est pr\u00eat pour l'impression 3D? Nous allons le v\u00e9rifier pour vous et de proposer les modifications n\u00e9cessaires.<\/p>\r\n                <ul class=\"help-list\">\r\n                    <li>Conversion du format de fichier<\/li>\r\n                    <li>Analyse de l'assemblage<\/li>\r\n                    <li>L'optimisation de la conception des suggestions<\/li>\r\n                    <li>La structure de soutien de recommandations<\/li>\r\n                <\/ul>\r\n            <\/div>\r\n            \r\n            <div class=\"help-column\">\r\n                <h3 class=\"help-column-title\"><i class=\"fas fa-plus-circle\"><\/i> Des Services Suppl\u00e9mentaires<\/h3>\r\n                <p class=\"help-column-desc\">Nous pouvons vous aider si vous n'avez pas un fichier imprimable - vous sur notre service complet de CAO.<\/p>\r\n                <ul class=\"help-list\">\r\n                    <li>La Num\u00e9risation 3D &amp; Ing\u00e9nierie Inverse<\/li>\r\n                    <li>CAO de Conception et de Prototypage<\/li>\r\n                <\/ul>\r\n            <\/div>\r\n            \r\n        <\/div>\r\n    <\/div>\r\n\r\n    <div class=\"ready-cta-footer\">\r\n        <h2 class=\"cta-footer-title\">Pr\u00eat \u00e0 vous lancer?<\/h2>\r\n        <p class=\"cta-footer-subtitle\">Choisissez votre chemin et commencez votre impression 3D voyage aujourd'hui.<\/p>\r\n        <div class=\"cta-footer-buttons\">\r\n            <a href=\"https:\/\/tunisia3dprint.com\/fr\/upload-get-quote\/\" class=\"primary-gs-button\">\r\n                <i class=\"fas fa-upload\"><\/i> Importer votre fichier STL (Devis imm\u00e9diat)\r\n            <\/a>\r\n            <a href=\"https:\/\/tunisia3dprint.com\/fr\/gallery\/\" class=\"secondary-gs-button\">\r\n                <i class=\"fas fa-file-alt\"><\/i> Ouvrir la galerie de projets\r\n            <\/a>\r\n        <\/div>\r\n    <\/div>\r\n<\/div>\t\t\t\t<\/div>\n\t\t\t\t<\/div>\n\t\t\t\t<\/div>","protected":false},"excerpt":{"rendered":"<p>Getting Started With Us Working with us is easy. Choose the fast route for single parts or the advanced route<\/p>","protected":false},"author":4,"featured_media":0,"parent":0,"menu_order":0,"comment_status":"closed","ping_status":"closed","template":"","meta":{"_acf_changed":false,"footnotes":""},"class_list":["post-12307","page","type-page","status-publish","hentry"],"acf":[],"_links":{"self":[{"href":"https:\/\/tunisia3dprint.com\/fr\/wp-json\/wp\/v2\/pages\/12307","targetHints":{"allow":["GET"]}}],"collection":[{"href":"https:\/\/tunisia3dprint.com\/fr\/wp-json\/wp\/v2\/pages"}],"about":[{"href":"https:\/\/tunisia3dprint.com\/fr\/wp-json\/wp\/v2\/types\/page"}],"author":[{"embeddable":true,"href":"https:\/\/tunisia3dprint.com\/fr\/wp-json\/wp\/v2\/users\/4"}],"replies":[{"embeddable":true,"href":"https:\/\/tunisia3dprint.com\/fr\/wp-json\/wp\/v2\/comments?post=12307"}],"version-history":[{"count":7,"href":"https:\/\/tunisia3dprint.com\/fr\/wp-json\/wp\/v2\/pages\/12307\/revisions"}],"predecessor-version":[{"id":12318,"href":"https:\/\/tunisia3dprint.com\/fr\/wp-json\/wp\/v2\/pages\/12307\/revisions\/12318"}],"wp:attachment":[{"href":"https:\/\/tunisia3dprint.com\/fr\/wp-json\/wp\/v2\/media?parent=12307"}],"curies":[{"name":"wp","href":"https:\/\/api.w.org\/{rel}","templated":true}]}}