
{"id":9910,"date":"2025-09-17T09:05:32","date_gmt":"2025-09-17T09:05:32","guid":{"rendered":"https:\/\/tunisia3dprint.com\/?page_id=9910"},"modified":"2026-02-25T19:23:01","modified_gmt":"2026-02-25T19:23:01","slug":"services","status":"publish","type":"page","link":"https:\/\/tunisia3dprint.com\/fr\/services\/","title":{"rendered":"Services"},"content":{"rendered":"<div data-elementor-type=\"wp-page\" data-elementor-id=\"9910\" class=\"elementor elementor-9910\" data-elementor-post-type=\"page\">\n\t\t\t\t<div class=\"elementor-element elementor-element-77995a7 e-con-full e-flex e-con e-parent\" data-id=\"77995a7\" data-element_type=\"container\" data-e-type=\"container\">\n\t\t\t\t<div class=\"elementor-element elementor-element-800959e elementor-widget elementor-widget-heading\" data-id=\"800959e\" data-element_type=\"widget\" data-e-type=\"widget\" data-widget_type=\"heading.default\">\n\t\t\t\t\t<h2 class=\"elementor-heading-title elementor-size-default\">Nos Services<\/h2>\t\t\t\t<\/div>\n\t\t\t\t<div class=\"elementor-element elementor-element-02ee49e color-scheme-inherit text-left elementor-widget elementor-widget-text-editor\" data-id=\"02ee49e\" data-element_type=\"widget\" data-e-type=\"widget\" data-widget_type=\"text-editor.default\">\n\t\t\t\t\t\t\t\t\t<p>L\u2019impression 3D ouvre un monde o\u00f9 cr\u00e9er devient plus rapide, plus malin et surtout plus amusant. Que vous testiez une id\u00e9e, r\u00e9pariez une pi\u00e8ce ou construisiez quelque chose de compl\u00e8tement nouveau, nous vous accompagnons pas \u00e0 pas pour concr\u00e9tiser votre projet. Gr\u00e2ce \u00e0 des outils modernes et \u00e0 notre savoir-faire pratique, nous transformons vos id\u00e9es en r\u00e9sultats tangibles que vous pouvez voir et toucher.<\/p>\t\t\t\t\t\t\t\t<\/div>\n\t\t\t\t<\/div>\n\t\t<div class=\"wd-negative-gap elementor-element elementor-element-32eb686 e-flex e-con-boxed e-con e-parent\" data-id=\"32eb686\" data-element_type=\"container\" data-e-type=\"container\">\n\t\t\t\t\t<div class=\"e-con-inner\">\n\t\t\t\t<div class=\"elementor-element elementor-element-e810898 elementor-widget elementor-widget-spacer\" data-id=\"e810898\" data-element_type=\"widget\" data-e-type=\"widget\" data-widget_type=\"spacer.default\">\n\t\t\t\t\t\t\t<div class=\"elementor-spacer\">\n\t\t\t<div class=\"elementor-spacer-inner\"><\/div>\n\t\t<\/div>\n\t\t\t\t\t\t<\/div>\n\t\t\t\t\t<\/div>\n\t\t\t\t<\/div>\n\t\t<div class=\"elementor-element elementor-element-87c5f70 e-con-full e-flex e-con e-parent\" data-id=\"87c5f70\" data-element_type=\"container\" data-e-type=\"container\">\n\t\t<div class=\"elementor-element elementor-element-9f9e29e e-con-full e-flex e-con e-child\" data-id=\"9f9e29e\" data-element_type=\"container\" data-e-type=\"container\">\n\t\t\t\t<div class=\"elementor-element elementor-element-6978ae2 elementor-widget elementor-widget-image\" data-id=\"6978ae2\" data-element_type=\"widget\" data-e-type=\"widget\" data-widget_type=\"image.default\">\n\t\t\t\t\t\t\t\t\t\t\t\t\t\t\t<img fetchpriority=\"high\" decoding=\"async\" width=\"1920\" height=\"1080\" src=\"https:\/\/tunisia3dprint.com\/wp-content\/uploads\/2025\/10\/fdm-hero-bg-CEtAn9aO.jpg\" class=\"attachment-full size-full wp-image-12055\" alt=\"\" srcset=\"https:\/\/tunisia3dprint.com\/wp-content\/uploads\/2025\/10\/fdm-hero-bg-CEtAn9aO.jpg 1920w, https:\/\/tunisia3dprint.com\/wp-content\/uploads\/2025\/10\/fdm-hero-bg-CEtAn9aO-300x169.jpg 300w, https:\/\/tunisia3dprint.com\/wp-content\/uploads\/2025\/10\/fdm-hero-bg-CEtAn9aO-1024x576.jpg 1024w, https:\/\/tunisia3dprint.com\/wp-content\/uploads\/2025\/10\/fdm-hero-bg-CEtAn9aO-768x432.jpg 768w, https:\/\/tunisia3dprint.com\/wp-content\/uploads\/2025\/10\/fdm-hero-bg-CEtAn9aO-1536x864.jpg 1536w, https:\/\/tunisia3dprint.com\/wp-content\/uploads\/2025\/10\/fdm-hero-bg-CEtAn9aO-1200x675.jpg 1200w, https:\/\/tunisia3dprint.com\/wp-content\/uploads\/2025\/10\/fdm-hero-bg-CEtAn9aO-148x83.jpg 148w\" sizes=\"(max-width: 1920px) 100vw, 1920px\" \/>\t\t\t\t\t\t\t\t\t\t\t\t\t\t\t<\/div>\n\t\t\t\t<\/div>\n\t\t<div class=\"elementor-element elementor-element-98f8790 e-con-full e-flex e-con e-child\" data-id=\"98f8790\" data-element_type=\"container\" data-e-type=\"container\">\n\t\t\t\t<div class=\"elementor-element elementor-element-3c973d4 elementor-widget elementor-widget-html\" data-id=\"3c973d4\" data-element_type=\"widget\" data-e-type=\"widget\" data-widget_type=\"html.default\">\n\t\t\t\t\t<div class=\"fdm-printing-card\">\r\n    <div class=\"fdm-header\">\r\n        <div class=\"fdm-icon-square\">\r\n            <i class=\"fas fa-print\"><\/i>\r\n        <\/div>\r\n        <div>\r\n            <h3 class=\"fdm-card-title\">L'Impression 3D FDM<\/h3>\r\n            <p class=\"fdm-card-tagline\">Production abordable et polyvalente<\/p>\r\n        <\/div>\r\n    <\/div>\r\n    \r\n    <p class=\"fdm-card-body\">\r\n        Le Fused Deposition Modeling (FDM) est la technologie d\u2019impression 3D la plus utilis\u00e9e. Elle est id\u00e9ale pour les prototypes fonctionnels, les pi\u00e8ces de remplacement et les produits finis.\n\nGr\u00e2ce \u00e0 une large gamme de mat\u00e9riaux techniques comme le PLA, l\u2019ABS, le PETG et d\u2019autres filaments sp\u00e9cialis\u00e9s, l\u2019impression FDM offre une excellente r\u00e9sistance, une bonne durabilit\u00e9 et un excellent rapport qualit\u00e9-prix, aussi bien pour le prototypage que pour la production en s\u00e9rie.\r\n    <\/p>\r\n    \r\n    <a href=\"https:\/\/tunisia3dprint.com\/fr\/fdm-printing\/\" class=\"fdm-card-button\">\r\n        En Savoir Plus <i class=\"fas fa-arrow-right\"><\/i>\r\n    <\/a>\r\n<\/div>\t\t\t\t<\/div>\n\t\t\t\t<\/div>\n\t\t\t\t<\/div>\n\t\t<div class=\"elementor-element elementor-element-5f2aa33 e-con-full e-flex e-con e-parent\" data-id=\"5f2aa33\" data-element_type=\"container\" data-e-type=\"container\">\n\t\t<div class=\"elementor-element elementor-element-c36d14a e-con-full e-flex e-con e-child\" data-id=\"c36d14a\" data-element_type=\"container\" data-e-type=\"container\">\n\t\t\t\t<div class=\"elementor-element elementor-element-53dddb9 elementor-widget elementor-widget-image\" data-id=\"53dddb9\" data-element_type=\"widget\" data-e-type=\"widget\" data-widget_type=\"image.default\">\n\t\t\t\t\t\t\t\t\t\t\t\t\t\t\t<img decoding=\"async\" width=\"1920\" height=\"1080\" src=\"https:\/\/tunisia3dprint.com\/wp-content\/uploads\/2025\/10\/sla-hero-bg-D6BCKFFU.jpg\" class=\"attachment-full size-full wp-image-12125\" alt=\"\" srcset=\"https:\/\/tunisia3dprint.com\/wp-content\/uploads\/2025\/10\/sla-hero-bg-D6BCKFFU.jpg 1920w, https:\/\/tunisia3dprint.com\/wp-content\/uploads\/2025\/10\/sla-hero-bg-D6BCKFFU-300x169.jpg 300w, https:\/\/tunisia3dprint.com\/wp-content\/uploads\/2025\/10\/sla-hero-bg-D6BCKFFU-1024x576.jpg 1024w, https:\/\/tunisia3dprint.com\/wp-content\/uploads\/2025\/10\/sla-hero-bg-D6BCKFFU-768x432.jpg 768w, https:\/\/tunisia3dprint.com\/wp-content\/uploads\/2025\/10\/sla-hero-bg-D6BCKFFU-1536x864.jpg 1536w, https:\/\/tunisia3dprint.com\/wp-content\/uploads\/2025\/10\/sla-hero-bg-D6BCKFFU-1200x675.jpg 1200w, https:\/\/tunisia3dprint.com\/wp-content\/uploads\/2025\/10\/sla-hero-bg-D6BCKFFU-148x83.jpg 148w\" sizes=\"(max-width: 1920px) 100vw, 1920px\" \/>\t\t\t\t\t\t\t\t\t\t\t\t\t\t\t<\/div>\n\t\t\t\t<\/div>\n\t\t<div class=\"elementor-element elementor-element-22c6336 e-con-full e-flex e-con e-child\" data-id=\"22c6336\" data-element_type=\"container\" data-e-type=\"container\">\n\t\t\t\t<div class=\"elementor-element elementor-element-a882dfb elementor-widget elementor-widget-html\" data-id=\"a882dfb\" data-element_type=\"widget\" data-e-type=\"widget\" data-widget_type=\"html.default\">\n\t\t\t\t\t<link rel=\"stylesheet\" href=\"https:\/\/cdnjs.cloudflare.com\/ajax\/libs\/font-awesome\/6.5.0\/css\/all.min.css\">\r\n\r\n<div class=\"fdm-printing-card\">\r\n    <div class=\"fdm-header\">\r\n        <div class=\"fdm-icon-square\">\r\n            <i class=\"fa-solid fa-cube\"><\/i>\r\n        <\/div>\r\n        <div>\r\n            <h3 class=\"fdm-card-title\">Impression 3D SLA<\/h3>\r\n            <p class=\"fdm-card-tagline\">Impression r\u00e9sine haute pr\u00e9cision<\/p>\r\n        <\/div>\r\n    <\/div>\r\n    \r\n    <p class=\"fdm-card-body\">\r\n        La st\u00e9r\u00e9olithographie (SLA) offre une finition de surface exceptionnelle et des d\u00e9tails complexes qui surpassent les autres m\u00e9thodes d\u2019impression 3D.\nEn utilisant des r\u00e9sines photopolym\u00e8res durcies par lumi\u00e8re UV, la SLA est id\u00e9ale pour les prototypes visuels, les mod\u00e8les m\u00e9dicaux, les motifs de bijoux, et les pi\u00e8ces n\u00e9cessitant des surfaces lisses et des g\u00e9om\u00e9tries complexes. Parfaite lorsque la pr\u00e9cision et l\u2019esth\u00e9tique sont essentielles.\r\n    <\/p>\r\n    \r\n    <a href=\"https:\/\/tunisia3dprint.com\/fr\/sla-printing\/\" class=\"fdm-card-button\">\r\n        En Savoir Plus <i class=\"fas fa-arrow-right\"><\/i>\r\n    <\/a>\r\n<\/div>\t\t\t\t<\/div>\n\t\t\t\t<\/div>\n\t\t\t\t<\/div>\n\t\t<div class=\"elementor-element elementor-element-1239fdb e-con-full e-flex e-con e-parent\" data-id=\"1239fdb\" data-element_type=\"container\" data-e-type=\"container\">\n\t\t<div class=\"elementor-element elementor-element-3700847 e-con-full e-flex e-con e-child\" data-id=\"3700847\" data-element_type=\"container\" data-e-type=\"container\">\n\t\t\t\t<div class=\"elementor-element elementor-element-a678eb0 elementor-widget elementor-widget-image\" data-id=\"a678eb0\" data-element_type=\"widget\" data-e-type=\"widget\" data-widget_type=\"image.default\">\n\t\t\t\t\t\t\t\t\t\t\t\t\t\t\t<img decoding=\"async\" width=\"1024\" height=\"512\" src=\"https:\/\/tunisia3dprint.com\/wp-content\/uploads\/2025\/10\/reverse-engineering-process-DUWVKHXU.jpg\" class=\"attachment-full size-full wp-image-12158\" alt=\"\" srcset=\"https:\/\/tunisia3dprint.com\/wp-content\/uploads\/2025\/10\/reverse-engineering-process-DUWVKHXU.jpg 1024w, https:\/\/tunisia3dprint.com\/wp-content\/uploads\/2025\/10\/reverse-engineering-process-DUWVKHXU-300x150.jpg 300w, https:\/\/tunisia3dprint.com\/wp-content\/uploads\/2025\/10\/reverse-engineering-process-DUWVKHXU-768x384.jpg 768w, https:\/\/tunisia3dprint.com\/wp-content\/uploads\/2025\/10\/reverse-engineering-process-DUWVKHXU-148x74.jpg 148w\" sizes=\"(max-width: 1024px) 100vw, 1024px\" \/>\t\t\t\t\t\t\t\t\t\t\t\t\t\t\t<\/div>\n\t\t\t\t<\/div>\n\t\t<div class=\"elementor-element elementor-element-12f1750 e-con-full e-flex e-con e-child\" data-id=\"12f1750\" data-element_type=\"container\" data-e-type=\"container\">\n\t\t\t\t<div class=\"elementor-element elementor-element-a1d0e82 elementor-widget elementor-widget-html\" data-id=\"a1d0e82\" data-element_type=\"widget\" data-e-type=\"widget\" data-widget_type=\"html.default\">\n\t\t\t\t\t<link rel=\"stylesheet\" href=\"https:\/\/cdnjs.cloudflare.com\/ajax\/libs\/font-awesome\/6.5.0\/css\/all.min.css\">\r\n\r\n<div class=\"fdm-printing-card\">\r\n    <div class=\"fdm-header\">\r\n        <div class=\"fdm-icon-square\">\r\n            <i class=\"fa-solid fa-cubes\"><\/i>\r\n        <\/div>\r\n        <div>\r\n            <h3 class=\"fdm-card-title\">R\u00e9tro-ing\u00e9nierie<\/h3>\r\n            <p class=\"fdm-card-tagline\">Des pi\u00e8ces physiques aux mod\u00e8les CAO<\/p>\r\n        <\/div>\r\n    <\/div>\r\n    \r\n    <p class=\"fdm-card-body\">\r\n        Transformez vos objets physiques existants en mod\u00e8les num\u00e9riques CAD pr\u00e9cis gr\u00e2ce \u00e0 nos services complets de r\u00e9tro-ing\u00e9nierie.\nEn utilisant des technologies avanc\u00e9es de scan 3D et notre expertise en mod\u00e9lisation CAD, nous recr\u00e9ons des pi\u00e8ces sans plans d\u2019origine, modernisons des \u00e9quipements anciens, et permettons les modifications ou la reproduction de composants discontinu\u00e9s.\r\n    <\/p>\r\n    \r\n    <a href=\"https:\/\/tunisia3dprint.com\/fr\/reverse-engineering\/\" class=\"fdm-card-button\">\r\n        En Savoir Plus <i class=\"fas fa-arrow-right\"><\/i>\r\n    <\/a>\r\n<\/div>\t\t\t\t<\/div>\n\t\t\t\t<\/div>\n\t\t\t\t<\/div>\n\t\t<div class=\"elementor-element elementor-element-9aac284 e-con-full e-flex e-con e-parent\" data-id=\"9aac284\" data-element_type=\"container\" data-e-type=\"container\">\n\t\t<div class=\"elementor-element elementor-element-77ecdc3 e-con-full e-flex e-con e-child\" data-id=\"77ecdc3\" data-element_type=\"container\" data-e-type=\"container\">\n\t\t\t\t<div class=\"elementor-element elementor-element-52ec857 elementor-widget elementor-widget-image\" data-id=\"52ec857\" data-element_type=\"widget\" data-e-type=\"widget\" data-widget_type=\"image.default\">\n\t\t\t\t\t\t\t\t\t\t\t\t\t\t\t<img loading=\"lazy\" decoding=\"async\" width=\"1920\" height=\"1080\" src=\"https:\/\/tunisia3dprint.com\/wp-content\/uploads\/2025\/10\/prototyping-hero-bg-DrktVrRw.jpg\" class=\"attachment-full size-full wp-image-12200\" alt=\"\" srcset=\"https:\/\/tunisia3dprint.com\/wp-content\/uploads\/2025\/10\/prototyping-hero-bg-DrktVrRw.jpg 1920w, https:\/\/tunisia3dprint.com\/wp-content\/uploads\/2025\/10\/prototyping-hero-bg-DrktVrRw-300x169.jpg 300w, https:\/\/tunisia3dprint.com\/wp-content\/uploads\/2025\/10\/prototyping-hero-bg-DrktVrRw-1024x576.jpg 1024w, https:\/\/tunisia3dprint.com\/wp-content\/uploads\/2025\/10\/prototyping-hero-bg-DrktVrRw-768x432.jpg 768w, https:\/\/tunisia3dprint.com\/wp-content\/uploads\/2025\/10\/prototyping-hero-bg-DrktVrRw-1536x864.jpg 1536w, https:\/\/tunisia3dprint.com\/wp-content\/uploads\/2025\/10\/prototyping-hero-bg-DrktVrRw-1200x675.jpg 1200w, https:\/\/tunisia3dprint.com\/wp-content\/uploads\/2025\/10\/prototyping-hero-bg-DrktVrRw-148x83.jpg 148w\" sizes=\"(max-width: 1920px) 100vw, 1920px\" \/>\t\t\t\t\t\t\t\t\t\t\t\t\t\t\t<\/div>\n\t\t\t\t<\/div>\n\t\t<div class=\"elementor-element elementor-element-176b506 e-con-full e-flex e-con e-child\" data-id=\"176b506\" data-element_type=\"container\" data-e-type=\"container\">\n\t\t\t\t<div class=\"elementor-element elementor-element-1f70b6b elementor-widget elementor-widget-html\" data-id=\"1f70b6b\" data-element_type=\"widget\" data-e-type=\"widget\" data-widget_type=\"html.default\">\n\t\t\t\t\t<link rel=\"stylesheet\" href=\"https:\/\/cdnjs.cloudflare.com\/ajax\/libs\/font-awesome\/6.5.0\/css\/all.min.css\">\r\n\r\n<div class=\"fdm-printing-card\">\r\n    <div class=\"fdm-header\">\r\n        <div class=\"fdm-icon-square\">\r\n            <i class=\"fa-solid fa-vr-cardboard\"><\/i>\r\n        <\/div>\r\n        <div>\r\n            <h3 class=\"fdm-card-title\">Prototypage rapide<\/h3>\r\n            <p class=\"fdm-card-tagline\">Acc\u00e9l\u00e9rez le d\u00e9veloppement de votre produit<\/p>\r\n        <\/div>\r\n    <\/div>\r\n    \r\n    <p class=\"fdm-card-body\">\r\n        Acc\u00e9l\u00e9rez votre cycle d\u2019innovation gr\u00e2ce \u00e0 nos services de prototypage rapide. Du concept initial au prototype fonctionnel en quelques jours, et non en semaines. Parfait pour la validation de conception, les tests de forme et d\u2019ajustement, les tests fonctionnels et les pr\u00e9sentations aux investisseurs. Nous vous aidons \u00e0 it\u00e9rer rapidement, r\u00e9duire les co\u00fbts de d\u00e9veloppement et commercialiser vos produits plus vite.\r\n    <\/p>\r\n    \r\n    <a href=\"https:\/\/tunisia3dprint.com\/fr\/prototyping\/\" class=\"fdm-card-button\">\r\n        En Savoir Plus <i class=\"fas fa-arrow-right\"><\/i>\r\n    <\/a>\r\n<\/div>\t\t\t\t<\/div>\n\t\t\t\t<\/div>\n\t\t\t\t<\/div>\n\t\t<div class=\"elementor-element elementor-element-6acee01 e-con-full e-flex e-con e-parent\" data-id=\"6acee01\" data-element_type=\"container\" data-e-type=\"container\">\n\t\t\t\t<div class=\"elementor-element elementor-element-e0122f6 elementor-widget elementor-widget-html\" data-id=\"e0122f6\" data-element_type=\"widget\" data-e-type=\"widget\" data-widget_type=\"html.default\">\n\t\t\t\t\t<section class=\"start-project\">\r\n  <div class=\"container\">\r\n    <h2 class=\"section-title\">Pr\u00eat \u00e0 d\u00e9marrer votre projet ?<\/h2>\r\n    <p class=\"section-subtitle\">\r\n      Importez vos fichiers de conception et obtenez un devis instantan\u00e9. Notre \u00e9quipe est pr\u00eate \u00e0 donner vie \u00e0 vos id\u00e9es.\r\n    <\/p>\r\n    <a href=\"https:\/\/tunisia3dprint.com\/fr\/contact\/\" class=\"upload-btn\">\r\n      <i class=\"fa-solid fa-arrow-up-from-bracket\"><\/i>\r\n      T\u00e9l\u00e9chargez &amp; obtenez un devis\r\n    <\/a>\r\n  <\/div>\r\n<\/section>\r\n\t\t\t\t<\/div>\n\t\t\t\t<\/div>\n\t\t\t\t<\/div>","protected":false},"excerpt":{"rendered":"<p>Our Services 3D printing opens up a world where creating becomes faster, smarter, and above all, more enjoyable. Whether you\u2019re<\/p>","protected":false},"author":4,"featured_media":0,"parent":0,"menu_order":0,"comment_status":"closed","ping_status":"closed","template":"","meta":{"_acf_changed":false,"footnotes":""},"class_list":["post-9910","page","type-page","status-publish","hentry"],"acf":[],"_links":{"self":[{"href":"https:\/\/tunisia3dprint.com\/fr\/wp-json\/wp\/v2\/pages\/9910","targetHints":{"allow":["GET"]}}],"collection":[{"href":"https:\/\/tunisia3dprint.com\/fr\/wp-json\/wp\/v2\/pages"}],"about":[{"href":"https:\/\/tunisia3dprint.com\/fr\/wp-json\/wp\/v2\/types\/page"}],"author":[{"embeddable":true,"href":"https:\/\/tunisia3dprint.com\/fr\/wp-json\/wp\/v2\/users\/4"}],"replies":[{"embeddable":true,"href":"https:\/\/tunisia3dprint.com\/fr\/wp-json\/wp\/v2\/comments?post=9910"}],"version-history":[{"count":22,"href":"https:\/\/tunisia3dprint.com\/fr\/wp-json\/wp\/v2\/pages\/9910\/revisions"}],"predecessor-version":[{"id":13314,"href":"https:\/\/tunisia3dprint.com\/fr\/wp-json\/wp\/v2\/pages\/9910\/revisions\/13314"}],"wp:attachment":[{"href":"https:\/\/tunisia3dprint.com\/fr\/wp-json\/wp\/v2\/media?parent=9910"}],"curies":[{"name":"wp","href":"https:\/\/api.w.org\/{rel}","templated":true}]}}