
{"id":9912,"date":"2025-09-17T09:05:52","date_gmt":"2025-09-17T09:05:52","guid":{"rendered":"https:\/\/tunisia3dprint.com\/?page_id=9912"},"modified":"2025-10-16T06:32:55","modified_gmt":"2025-10-16T06:32:55","slug":"resources","status":"publish","type":"page","link":"https:\/\/tunisia3dprint.com\/fr\/resources\/","title":{"rendered":"Ressources"},"content":{"rendered":"<div data-elementor-type=\"wp-page\" data-elementor-id=\"9912\" class=\"elementor elementor-9912\" data-elementor-post-type=\"page\">\n\t\t\t\t<div class=\"elementor-element elementor-element-69db84e e-con-full wd-section-stretch e-flex e-con e-parent\" data-id=\"69db84e\" data-element_type=\"container\" data-e-type=\"container\" data-settings=\"{&quot;background_background&quot;:&quot;classic&quot;}\">\n\t\t\t\t<div class=\"elementor-element elementor-element-892253f elementor-widget elementor-widget-heading\" data-id=\"892253f\" data-element_type=\"widget\" data-e-type=\"widget\" data-widget_type=\"heading.default\">\n\t\t\t\t\t<h2 class=\"elementor-heading-title elementor-size-default\">Ressources \u2014 Guides simples pour l\u2019impression 3D<\/h2>\t\t\t\t<\/div>\n\t\t\t\t<div class=\"elementor-element elementor-element-84588ec color-scheme-inherit text-left elementor-widget elementor-widget-text-editor\" data-id=\"84588ec\" data-element_type=\"widget\" data-e-type=\"widget\" data-widget_type=\"text-editor.default\">\n\t\t\t\t\t\t\t\t\t<p class=\"text-xl lg:text-2xl text-white\/90 max-w-3xl mx-auto mb-8\">Guides simples et conviviaux pour vous accompagner dans le choix du bon proc\u00e9d\u00e9 et du bon mat\u00e9riau<\/p>\t\t\t\t\t\t\t\t<\/div>\n\t\t\t\t<div class=\"elementor-element elementor-element-ddaf89a elementor-widget elementor-widget-wd_button\" data-id=\"ddaf89a\" data-element_type=\"widget\" data-e-type=\"widget\" data-widget_type=\"wd_button.default\">\n\t\t\t\t<div class=\"elementor-widget-container\">\n\t\t\t\t\t\t\t<div class=\"wd-button-wrapper text-center\" >\n\t\t\t<a class=\"btn btn-style-default btn-shape-semi-round btn-size-large btn-color-primary btn-full-width btn-icon-pos-left\"  href=\"#\">\n\t\t\t\t<span class=\"wd-btn-text\" data-elementor-setting-key=\"text\">\n\t\t\t\t\tApprenez \u00e0 t\u00e9l\u00e9verser et obtenir un devis\t\t\t\t<\/span>\n\n\t\t\t\t\t\t\t\t\t<span class=\"wd-btn-icon\">\n\t\t\t\t\t\t<img decoding=\"async\" width=\"25\" height=\"25\" src=\"https:\/\/tunisia3dprint.com\/wp-content\/uploads\/2025\/09\/ChatGPT-Image-Sep-19-2025-08_59_13-AM-25x25.png\" class=\"attachment-25x size-25x\" alt=\"\" srcset=\"https:\/\/tunisia3dprint.com\/wp-content\/uploads\/2025\/09\/ChatGPT-Image-Sep-19-2025-08_59_13-AM-25x25.png 25w, https:\/\/tunisia3dprint.com\/wp-content\/uploads\/2025\/09\/ChatGPT-Image-Sep-19-2025-08_59_13-AM-300x300.png 300w, https:\/\/tunisia3dprint.com\/wp-content\/uploads\/2025\/09\/ChatGPT-Image-Sep-19-2025-08_59_13-AM-150x150.png 150w, https:\/\/tunisia3dprint.com\/wp-content\/uploads\/2025\/09\/ChatGPT-Image-Sep-19-2025-08_59_13-AM-768x768.png 768w, https:\/\/tunisia3dprint.com\/wp-content\/uploads\/2025\/09\/ChatGPT-Image-Sep-19-2025-08_59_13-AM-600x600.png 600w, https:\/\/tunisia3dprint.com\/wp-content\/uploads\/2025\/09\/ChatGPT-Image-Sep-19-2025-08_59_13-AM-148x148.png 148w, https:\/\/tunisia3dprint.com\/wp-content\/uploads\/2025\/09\/ChatGPT-Image-Sep-19-2025-08_59_13-AM-20x20.png 20w, https:\/\/tunisia3dprint.com\/wp-content\/uploads\/2025\/09\/ChatGPT-Image-Sep-19-2025-08_59_13-AM.png 1024w\" sizes=\"(max-width: 25px) 100vw, 25px\" \/>\t\t\t\t\t<\/span>\n\t\t\t\t\t\t\t<\/a>\n\t\t<\/div>\n\t\t\t\t\t\t<\/div>\n\t\t\t\t<\/div>\n\t\t\t\t<\/div>\n\t\t<div class=\"elementor-element elementor-element-3d0c9f5 e-con-full e-flex e-con e-parent\" data-id=\"3d0c9f5\" data-element_type=\"container\" data-e-type=\"container\">\n\t\t\t\t<div class=\"elementor-element elementor-element-1bd6b25 elementor-widget elementor-widget-heading\" data-id=\"1bd6b25\" data-element_type=\"widget\" data-e-type=\"widget\" data-widget_type=\"heading.default\">\n\t\t\t\t\t<h2 class=\"elementor-heading-title elementor-size-default\"><span style=\"font-size: 1.875rem;font-style: normal;font-weight: 700\">Choisissez votre parcours d\u2019apprentissage<\/span><\/h2>\t\t\t\t<\/div>\n\t\t\t\t<\/div>\n\t\t<div class=\"elementor-element elementor-element-8d63e32 e-con-full e-flex e-con e-parent\" data-id=\"8d63e32\" data-element_type=\"container\" data-e-type=\"container\">\n\t\t<div class=\"elementor-element elementor-element-4be7263 e-con-full e-transform e-flex e-con e-child\" data-id=\"4be7263\" data-element_type=\"container\" data-e-type=\"container\" data-settings=\"{&quot;_transform_translateY_effect_hover&quot;:{&quot;unit&quot;:&quot;px&quot;,&quot;size&quot;:-3,&quot;sizes&quot;:[]},&quot;_transform_translateX_effect_hover&quot;:{&quot;unit&quot;:&quot;px&quot;,&quot;size&quot;:&quot;&quot;,&quot;sizes&quot;:[]},&quot;_transform_translateX_effect_hover_tablet&quot;:{&quot;unit&quot;:&quot;px&quot;,&quot;size&quot;:&quot;&quot;,&quot;sizes&quot;:[]},&quot;_transform_translateX_effect_hover_mobile&quot;:{&quot;unit&quot;:&quot;px&quot;,&quot;size&quot;:&quot;&quot;,&quot;sizes&quot;:[]},&quot;_transform_translateY_effect_hover_tablet&quot;:{&quot;unit&quot;:&quot;px&quot;,&quot;size&quot;:&quot;&quot;,&quot;sizes&quot;:[]},&quot;_transform_translateY_effect_hover_mobile&quot;:{&quot;unit&quot;:&quot;px&quot;,&quot;size&quot;:&quot;&quot;,&quot;sizes&quot;:[]}}\">\n\t\t\t\t<div class=\"elementor-element elementor-element-8247ad9 elementor-widget elementor-widget-html\" data-id=\"8247ad9\" data-element_type=\"widget\" data-e-type=\"widget\" data-widget_type=\"html.default\">\n\t\t\t\t\t<div class=\"learning-card-basics\">\r\n    <div class=\"card-icon-wrap\">\r\n        <i class=\"fas fa-book-open\"><\/i>\r\n    <\/div>\r\n    \r\n    <h3 class=\"card-title-basics\">Bases de l\u2019impression 3D<\/h3>\r\n    <p class=\"card-subtitle-basics\">\r\n        D\u00e9couvrez les fondamentaux de l\u2019impression 3D expliqu\u00e9s simplement\r\n    <\/p>\r\n    \r\n    <ul class=\"learning-points\">\r\n        <li>FDM vs SLA expliqu\u00e9s simplement<\/li>\r\n        <li>Types de fichiers courants (STL, OBJ)<\/li>\r\n        <li>Quand utiliser chaque technologie.<\/li>\r\n        <li>Reconstruction 3D et ing\u00e9nierie inverse<\/li>\r\n    <\/ul>\r\n    \r\n    <a href=\"https:\/\/tunisia3dprint.com\/fr\/printing-basics\/\" class=\"basics-button\">\r\n        Apprenez les bases \r\n        <i class=\"fas fa-arrow-right\"><\/i>\r\n    <\/a>\r\n<\/div>\t\t\t\t<\/div>\n\t\t\t\t<\/div>\n\t\t<div class=\"elementor-element elementor-element-109afdd e-con-full e-transform e-flex e-con e-child\" data-id=\"109afdd\" data-element_type=\"container\" data-e-type=\"container\" data-settings=\"{&quot;_transform_translateY_effect_hover&quot;:{&quot;unit&quot;:&quot;px&quot;,&quot;size&quot;:-3,&quot;sizes&quot;:[]},&quot;_transform_translateX_effect_hover&quot;:{&quot;unit&quot;:&quot;px&quot;,&quot;size&quot;:&quot;&quot;,&quot;sizes&quot;:[]},&quot;_transform_translateX_effect_hover_tablet&quot;:{&quot;unit&quot;:&quot;px&quot;,&quot;size&quot;:&quot;&quot;,&quot;sizes&quot;:[]},&quot;_transform_translateX_effect_hover_mobile&quot;:{&quot;unit&quot;:&quot;px&quot;,&quot;size&quot;:&quot;&quot;,&quot;sizes&quot;:[]},&quot;_transform_translateY_effect_hover_tablet&quot;:{&quot;unit&quot;:&quot;px&quot;,&quot;size&quot;:&quot;&quot;,&quot;sizes&quot;:[]},&quot;_transform_translateY_effect_hover_mobile&quot;:{&quot;unit&quot;:&quot;px&quot;,&quot;size&quot;:&quot;&quot;,&quot;sizes&quot;:[]}}\">\n\t\t\t\t<div class=\"elementor-element elementor-element-e0e19b1 elementor-widget elementor-widget-html\" data-id=\"e0e19b1\" data-element_type=\"widget\" data-e-type=\"widget\" data-widget_type=\"html.default\">\n\t\t\t\t\t<link rel=\"stylesheet\" href=\"https:\/\/cdnjs.cloudflare.com\/ajax\/libs\/font-awesome\/6.5.0\/css\/all.min.css\">\r\n\r\n<div class=\"learning-card-basics\">\r\n    <div class=\"card-icon-wrap\">\r\n        <i class=\"fa-solid fa-wrench\"><\/i>\r\n    <\/div>\r\n    \r\n    <h3 class=\"card-title-basics\">Guide des mat\u00e9riaux et choix<\/h3>\r\n    <p class=\"card-subtitle-basics\">\r\n        Guide rapide pour choisir le bon mat\u00e9riau\r\n    <\/p>\r\n    \r\n    <ul class=\"learning-points\">\r\n        <li>Comparaison PLA, ABS, PETG<\/li>\r\n        <li>Mat\u00e9riaux flexibles et sp\u00e9cialis\u00e9s<\/li>\r\n        <li>R\u00e9sines SLA expliqu\u00e9es<\/li>\r\n        <li>Meilleur mat\u00e9riau selon vos besoins<\/li>\r\n    <\/ul>\r\n    \r\n    <a href=\"https:\/\/tunisia3dprint.com\/fr\/choose-materials\/\" class=\"basics-button\">\r\n        Choisir les mat\u00e9riaux \r\n        <i class=\"fas fa-arrow-right\"><\/i>\r\n    <\/a>\r\n<\/div>\t\t\t\t<\/div>\n\t\t\t\t<\/div>\n\t\t<div class=\"elementor-element elementor-element-166f6a1 e-con-full e-transform e-flex e-con e-child\" data-id=\"166f6a1\" data-element_type=\"container\" data-e-type=\"container\" data-settings=\"{&quot;_transform_translateY_effect_hover&quot;:{&quot;unit&quot;:&quot;px&quot;,&quot;size&quot;:-3,&quot;sizes&quot;:[]},&quot;_transform_translateX_effect_hover&quot;:{&quot;unit&quot;:&quot;px&quot;,&quot;size&quot;:&quot;&quot;,&quot;sizes&quot;:[]},&quot;_transform_translateX_effect_hover_tablet&quot;:{&quot;unit&quot;:&quot;px&quot;,&quot;size&quot;:&quot;&quot;,&quot;sizes&quot;:[]},&quot;_transform_translateX_effect_hover_mobile&quot;:{&quot;unit&quot;:&quot;px&quot;,&quot;size&quot;:&quot;&quot;,&quot;sizes&quot;:[]},&quot;_transform_translateY_effect_hover_tablet&quot;:{&quot;unit&quot;:&quot;px&quot;,&quot;size&quot;:&quot;&quot;,&quot;sizes&quot;:[]},&quot;_transform_translateY_effect_hover_mobile&quot;:{&quot;unit&quot;:&quot;px&quot;,&quot;size&quot;:&quot;&quot;,&quot;sizes&quot;:[]}}\">\n\t\t\t\t<div class=\"elementor-element elementor-element-404cb75 elementor-widget elementor-widget-html\" data-id=\"404cb75\" data-element_type=\"widget\" data-e-type=\"widget\" data-widget_type=\"html.default\">\n\t\t\t\t\t<link rel=\"stylesheet\" href=\"https:\/\/cdnjs.cloudflare.com\/ajax\/libs\/font-awesome\/6.5.0\/css\/all.min.css\">\r\n\r\n<div class=\"learning-card-basics\">\r\n    <div class=\"card-icon-wrap\">\r\n        <i class=\"fa-regular fa-lightbulb\"><\/i>\r\n    <\/div>\r\n    \r\n    <h3 class=\"card-title-basics\">Commencez avec nous<\/h3>\r\n    <p class=\"card-subtitle-basics\">\r\n        Guide \u00e9tape par \u00e9tape\r\n    <\/p>\r\n    \r\n    <ul class=\"learning-points\">\r\n        <li>Importer des fichiers pour obtenir un devis instantan\u00e9<\/li>\r\n        <li>Galerie de projets pour les commandes complexes<\/li>\r\n        <li>D\u00e9couvrez chaque \u00e9tape, du d\u00e9but \u00e0 la fin<\/li>\r\n        <li>Assistance \u00e0 la pr\u00e9paration de vos fichiers<\/li>\r\n    <\/ul>\r\n    \r\n    <a href=\"https:\/\/tunisia3dprint.com\/fr\/get-started-now\/\" class=\"basics-button\">\r\n        Commencez maintenant \r\n        <i class=\"fas fa-arrow-right\"><\/i>\r\n    <\/a>\r\n<\/div>\t\t\t\t<\/div>\n\t\t\t\t<\/div>\n\t\t\t\t<\/div>\n\t\t<div class=\"elementor-element elementor-element-0a6fa60 e-con-full e-flex e-con e-parent\" data-id=\"0a6fa60\" data-element_type=\"container\" data-e-type=\"container\">\n\t\t\t\t<div class=\"elementor-element elementor-element-59508a7 elementor-widget elementor-widget-html\" data-id=\"59508a7\" data-element_type=\"widget\" data-e-type=\"widget\" data-widget_type=\"html.default\">\n\t\t\t\t\t<div class=\"cta-help-section\">\r\n    <h2 class=\"cta-heading\">Besoin d\u2019aide imm\u00e9diatement\u202f?<\/h2>\r\n    <p class=\"cta-subtext\">\r\n        Vous ne savez pas par o\u00f9 commencer\u202f?T\u00e9l\u00e9versez votre fichier et nous vous guiderons tout au long du processus\r\n    <\/p>\r\n    \r\n    <div class=\"cta-buttons-wrap\">\r\n        <a href=\"https:\/\/tunisia3dprint.com\/fr\/upload-get-quote\/\" class=\"primary-cta-button\">\r\n            <i class=\"fas fa-upload\"><\/i> Importer votre fichier STL (Devis imm\u00e9diat)\r\n        <\/a>\r\n        \r\n        <a href=\"https:\/\/tunisia3dprint.com\/fr\/gallery\/\" class=\"secondary-cta-button\">\r\n            <i class=\"fas fa-file-alt\"><\/i> Ouvrir la galerie de projets\r\n        <\/a>\r\n    <\/div>\r\n<\/div>\t\t\t\t<\/div>\n\t\t\t\t<\/div>\n\t\t\t\t<\/div>","protected":false},"excerpt":{"rendered":"<p>Resources \u2014 Easy guides to 3D printing Simple, friendly explanations to help you start and choose the right process and<\/p>","protected":false},"author":4,"featured_media":0,"parent":0,"menu_order":0,"comment_status":"closed","ping_status":"closed","template":"","meta":{"_acf_changed":false,"footnotes":""},"class_list":["post-9912","page","type-page","status-publish","hentry"],"acf":[],"_links":{"self":[{"href":"https:\/\/tunisia3dprint.com\/fr\/wp-json\/wp\/v2\/pages\/9912","targetHints":{"allow":["GET"]}}],"collection":[{"href":"https:\/\/tunisia3dprint.com\/fr\/wp-json\/wp\/v2\/pages"}],"about":[{"href":"https:\/\/tunisia3dprint.com\/fr\/wp-json\/wp\/v2\/types\/page"}],"author":[{"embeddable":true,"href":"https:\/\/tunisia3dprint.com\/fr\/wp-json\/wp\/v2\/users\/4"}],"replies":[{"embeddable":true,"href":"https:\/\/tunisia3dprint.com\/fr\/wp-json\/wp\/v2\/comments?post=9912"}],"version-history":[{"count":28,"href":"https:\/\/tunisia3dprint.com\/fr\/wp-json\/wp\/v2\/pages\/9912\/revisions"}],"predecessor-version":[{"id":12324,"href":"https:\/\/tunisia3dprint.com\/fr\/wp-json\/wp\/v2\/pages\/9912\/revisions\/12324"}],"wp:attachment":[{"href":"https:\/\/tunisia3dprint.com\/fr\/wp-json\/wp\/v2\/media?parent=9912"}],"curies":[{"name":"wp","href":"https:\/\/api.w.org\/{rel}","templated":true}]}}